{"id":212,"date":"2023-12-14T14:45:32","date_gmt":"2023-12-14T17:45:32","guid":{"rendered":"https:\/\/sucorrico.com.br\/?page_id=212"},"modified":"2025-12-12T10:16:59","modified_gmt":"2025-12-12T13:16:59","slug":"cookie-policy","status":"publish","type":"page","link":"https:\/\/sucorrico.com.br\/en\/cookie-policy\/","title":{"rendered":"Cookie Policy"},"content":{"rendered":"\n<p>Read the Cookie Notice<\/p>\n\n\n\n<p>Sucorrico Citrus Industrial e Agr\u00edcola Ltda. (\u201cSucorrico\u201d) is a company that is part of the economic group of the holding Grupasso Participa\u00e7\u00f5es S.A. Within this group, in addition to Sucorrico, the companies Latic\u00ednios Xand\u00f4 and Plastirrico are also included, among other entities.<\/p>\n\n\n\n<p>We at Sucorrico use cookies to improve your experience during each visit to our website. However, we also care about your security and privacy. With this in mind, we prepared this Cookie Notice (\u201cNotice\u201d) so that you understand which cookies we use, for what purposes, and how to disable them.<\/p>\n\n\n\n<p>If you have any questions, we provide a contact channel at the end of this Notice. Please do not hesitate to contact us. <\/p>\n\n\n\n<p>Additionally, if you want to learn more about how we process your personal data, we recommend reading our <a href=\"https:\/\/sucorrico.com.br\/en\/privacy-policy\/\">Privacy Notice<\/a>.<\/p>\n\n\n\n<div class=\"wp-block-accordion-toggle-accordion-toggle  root-eb-accordion-2j9vluj\"><div class=\"eb-parent-wrapper eb-parent-eb-accordion-2j9vluj \"><div class=\"eb-accordion-container eb-accordion-2j9vluj\" data-accordion-type=\"accordion\" data-tab-icon=\"fas fa-angle-right\" data-expanded-icon=\"fas fa-angle-down\" data-transition-duration=\"500\"><div class=\"eb-accordion-inner\">\n<div class=\"wp-block-accordion-toggle-accordion-item eb-accordion-item-f23khql eb-accordion-wrapper\" data-clickable=\"false\"><div class=\"eb-accordion-title-wrapper eb-accordion-title-wrapper-eb-accordion-2j9vluj\" tabindex=\"0\"><span class=\"eb-accordion-icon-wrapper eb-accordion-icon-wrapper-eb-accordion-2j9vluj\"><span class=\"fas fa-angle-right eb-accordion-icon\"><\/span><\/span><div class=\"eb-accordion-title-content-wrap title-content-eb-accordion-2j9vluj\"><h3 class=\"eb-accordion-title\"><strong>1. WHAT ARE COOKIES?\u00a0\u21b4<\/strong><\/h3><\/div><\/div><div class=\"eb-accordion-content-wrapper eb-accordion-content-wrapper-eb-accordion-2j9vluj\"><div class=\"eb-accordion-content\">\n<p>Cookies are small text files that are stored on your electronic devices when you visit our website. They can, for example, remember your language preferences, authenticate your access to restricted areas, provide us with website access statistics, and are also essential for Internet navigation. However, you do not need to worry, as they do not damage your equipment and\/or electronic device and can be easily disabled, as described below in item 3.<\/p>\n\n\n\n<p>However, you do not need to worry, as they do not damage your equipment and\/or electronic device and can be easily disabled, as described below in <a href=\"#3\">item 3<\/a>.<\/p>\n<\/div><\/div><\/div>\n\n\n\n<div class=\"wp-block-accordion-toggle-accordion-item eb-accordion-item-gy836mg eb-accordion-wrapper\" data-clickable=\"false\"><div class=\"eb-accordion-title-wrapper eb-accordion-title-wrapper-eb-accordion-2j9vluj\" tabindex=\"0\"><span class=\"eb-accordion-icon-wrapper eb-accordion-icon-wrapper-eb-accordion-2j9vluj\"><span class=\"fas fa-angle-right eb-accordion-icon\"><\/span><\/span><div class=\"eb-accordion-title-content-wrap title-content-eb-accordion-2j9vluj\"><h3 class=\"eb-accordion-title\"><strong>2. WHAT TYPES OF COOKIES DO WE USE?\u00a0\u21b4<\/strong><\/h3><\/div><\/div><div class=\"eb-accordion-content-wrapper eb-accordion-content-wrapper-eb-accordion-2j9vluj\"><div class=\"eb-accordion-content\">\n<p>Cookies can be divided and classified by functionality, domain, and storage duration.<\/p>\n\n\n\n<ul class=\"wp-block-list\">\n<li><strong>By functionality:<\/strong><\/li>\n<\/ul>\n\n\n\n<ul class=\"wp-block-list\">\n<li>Necessary\/essential cookies: some cookies are required for the operation of our website. Without them, the website may not function properly, either partially or fully. Therefore, some cookies in this category cannot be disabled.<\/li>\n<\/ul>\n\n\n\n<p> You can check the types of these cookies we use in the table below:<\/p>\n\n\n\n<figure class=\"wp-block-table\"><table class=\"has-fixed-layout\"><tbody><tr><td><strong>Cookie name:<\/strong><\/td><td><strong>Company<\/strong><\/td><td><strong>Dom\u00ednio<\/strong><\/td><td><strong>Purpose<\/strong><\/td><td><strong>Storage duration<\/strong><\/td><\/tr><tr><td><br>pll_language<\/td><td><br>Polylang<\/td><td><br>http:\/\/www.sucorric o.com\/pt\/inicial\/<\/td><td><br>Store website language settings<\/td><td><br>365 days<\/td><\/tr><\/tbody><\/table><\/figure>\n\n\n\n<ul class=\"wp-block-list\">\n<li>Performance cookies: these cookies help us understand how visitors interact with our website, providing information about the areas visited, the time spent on the site, and any issues encountered.<\/li>\n<\/ul>\n\n\n\n<p>Our websites <a href=\"http:\/\/www.sucorrico.com.br\">www.sucorrico.com.br<\/a> <a href=\"http:\/\/www.plastirrico.com.br\">http:\/\/www.plastirrico.com.br<\/a> do not use performance cookies.<\/p>\n\n\n\n<ul class=\"wp-block-list\">\n<li>Functional cookies: these cookies allow us to remember your previous choices and help personal<\/li>\n<\/ul>\n\n\n\n<p>Our websites <a href=\"http:\/\/www.sucorrico.com.br\">www.sucorrico.com.br<\/a> <a href=\"http:\/\/www.plastirrico.com.br\">http:\/\/www.plastirrico.com.br<\/a> do not use functional cookies.<\/p>\n\n\n\n<ul class=\"wp-block-list\">\n<li>Advertising cookies: these cookies are used to deliver content that is more relevant and targeted to your interests. They can also be used to display more directed advertising and measure the effectiveness of campaigns.<\/li>\n<\/ul>\n\n\n\n<p>Our websites <a href=\"http:\/\/www.sucorrico.com.br\">www.sucorrico.com.br<\/a> <a href=\"http:\/\/www.plastirrico.com.br\">http:\/\/www.plastirrico.com.br<\/a> do not use advertising cookies.<\/p>\n\n\n\n<ul class=\"wp-block-list\">\n<li><strong>By domain:<\/strong><\/li>\n<\/ul>\n\n\n\n<ul class=\"wp-block-list\"><\/ul>\n\n\n\n<ul class=\"wp-block-list\">\n<li>First-party cookies: these are cookies installed directly by Sucorrico.<\/li>\n\n\n\n<li>Third-party cookies: these are cookies linked to third-party domains. For some functions on our websites, we may use cookies installed by third parties, such as Polylang. To obtain information regarding third-party cookies, we recommend checking their respective privacy policies. For example, you can access:<\/li>\n<\/ul>\n\n\n\n<p>Polylang: https:\/\/polylang.pro\/privacy-policy\/<\/p>\n\n\n\n<ul class=\"wp-block-list\">\n<li><strong>By storage duration:<\/strong><\/li>\n<\/ul>\n\n\n\n<ul class=\"wp-block-list\">\n<li>Session cookies: stored only while you are accessing our website.<\/li>\n<\/ul>\n\n\n\n<ul class=\"wp-block-list\">\n<li>Persistent cookies: stored after you leave the website and have a predefined expiration period.<\/li>\n<\/ul>\n<\/div><\/div><\/div>\n\n\n\n<div class=\"wp-block-accordion-toggle-accordion-item eb-accordion-item-zpgl2gs eb-accordion-wrapper\" data-clickable=\"false\"><div class=\"eb-accordion-title-wrapper eb-accordion-title-wrapper-eb-accordion-2j9vluj\" tabindex=\"0\"><span class=\"eb-accordion-icon-wrapper eb-accordion-icon-wrapper-eb-accordion-2j9vluj\"><span class=\"fas fa-angle-right eb-accordion-icon\"><\/span><\/span><div class=\"eb-accordion-title-content-wrap title-content-eb-accordion-2j9vluj\"><h3 class=\"eb-accordion-title\"><strong>3. HOW TO REJECT, BLOCK, OR DELETE COOKIES?\u00a0\u21b4<\/strong><\/h3><\/div><\/div><div class=\"eb-accordion-content-wrapper eb-accordion-content-wrapper-eb-accordion-2j9vluj\"><div class=\"eb-accordion-content\">\n<p>You can configure your browser at any time to automatically refuse the collection of cookies. However, by blocking certain types of cookies, some functionalities of our website may not work as expected. For more information on how to manage cookies directly in the browser of your choice, you may access the links below:<\/p>\n\n\n\n<p><a href=\"https:\/\/support.microsoft.com\/pt-br\/windows\/excluir-e-gerenciar-cookies-168dab11-0753-043d-7c16-ede5947fc64d\" target=\"_blank\" rel=\"noreferrer noopener\"><br>Internet Explorer<\/a><\/p>\n\n\n\n<p><a href=\"https:\/\/support.mozilla.org\/pt-BR\/kb\/protecao-aprimorada-contra-rastreamento-firefox-desktop?redirectslug=ative-e-desative-os-cookies-que-os-sites-usam&amp;redirectlocale=pt-BR\" target=\"_blank\" rel=\"noreferrer noopener\"><br>Mozilla Firefox<\/a><\/p>\n\n\n\n<p><a href=\"https:\/\/support.google.com\/accounts\/answer\/61416?co=GENIE.Platform%3DDesktop&amp;hl=pt-BR\" target=\"_blank\" rel=\"noreferrer noopener\"><br>Google Chrome<\/a><\/p>\n\n\n\n<p><a href=\"https:\/\/support.apple.com\/pt-br\/guide\/safari\/sfri11471\/mac\" target=\"_blank\" rel=\"noreferrer noopener\"><br>Safari<\/a><\/p>\n\n\n\n<p><a href=\"https:\/\/support.microsoft.com\/pt-br\/windows\/microsoft-edge-dados-de-navega%C3%A7%C3%A3o-e-privacidade-bb8174ba-9d73-dcf2-9b4a-c582b4e640dd\" target=\"_blank\" rel=\"noreferrer noopener\"><br>Microsoft Edge<\/a><\/p>\n\n\n\n<p><a href=\"https:\/\/help.opera.com\/en\/latest\/web-preferences\/#cookies\" target=\"_blank\" rel=\"noreferrer noopener\"><br>Opera<\/a><\/p>\n<\/div><\/div><\/div>\n\n\n\n<div class=\"wp-block-accordion-toggle-accordion-item eb-accordion-item-w0d8nrw eb-accordion-wrapper\" data-clickable=\"false\"><div class=\"eb-accordion-title-wrapper eb-accordion-title-wrapper-eb-accordion-2j9vluj\" tabindex=\"0\"><span class=\"eb-accordion-icon-wrapper eb-accordion-icon-wrapper-eb-accordion-2j9vluj\"><span class=\"fas fa-angle-right eb-accordion-icon\"><\/span><\/span><div class=\"eb-accordion-title-content-wrap title-content-eb-accordion-2j9vluj\"><h3 class=\"eb-accordion-title\"><strong>4. FOR HOW LONG ARE COOKIES STORED\u00a0\u21b4<\/strong><\/h3><\/div><\/div><div class=\"eb-accordion-content-wrapper eb-accordion-content-wrapper-eb-accordion-2j9vluj\"><div class=\"eb-accordion-content\">\n<p>The cookies used by Sucorrico will remain on your device for the time necessary to fulfill the purpose for which they were installed and, at most, for 365 days, unless you choose to delete them through your browser settings, as described above.<\/p>\n\n\n\n<p>In addition, in item 2 above, the specific duration of the cookie used on our website was indicated.<\/p>\n<\/div><\/div><\/div>\n\n\n\n<div class=\"wp-block-accordion-toggle-accordion-item eb-accordion-item-8nol0ur eb-accordion-wrapper\" data-clickable=\"false\"><div class=\"eb-accordion-title-wrapper eb-accordion-title-wrapper-eb-accordion-2j9vluj\" tabindex=\"0\"><span class=\"eb-accordion-icon-wrapper eb-accordion-icon-wrapper-eb-accordion-2j9vluj\"><span class=\"fas fa-angle-right eb-accordion-icon\"><\/span><\/span><div class=\"eb-accordion-title-content-wrap title-content-eb-accordion-2j9vluj\"><h3 class=\"eb-accordion-title\"><strong>5. INTERNATIONAL TRANSFERS\u00a0\u21b4<\/strong><\/h3><\/div><\/div><div class=\"eb-accordion-content-wrapper eb-accordion-content-wrapper-eb-accordion-2j9vluj\"><div class=\"eb-accordion-content\">\n<p>Some of the personal data obtained through cookies will be subject to international transfers, for example to Europe, due to the use of Polylang. In such cases, we ensure that the necessary guarantees and minimum safeguards are adopted, in accordance with Article 33 of the LGPD.<\/p>\n<\/div><\/div><\/div>\n\n\n\n<div class=\"wp-block-accordion-toggle-accordion-item eb-accordion-item-wi9qv1v eb-accordion-wrapper\" data-clickable=\"false\"><div class=\"eb-accordion-title-wrapper eb-accordion-title-wrapper-eb-accordion-2j9vluj\" tabindex=\"0\"><span class=\"eb-accordion-icon-wrapper eb-accordion-icon-wrapper-eb-accordion-2j9vluj\"><span class=\"fas fa-angle-right eb-accordion-icon\"><\/span><\/span><div class=\"eb-accordion-title-content-wrap title-content-eb-accordion-2j9vluj\"><h3 class=\"eb-accordion-title\"><strong>6.QUESTIONS?\u00a0\u21b4<\/strong><\/h3><\/div><\/div><div class=\"eb-accordion-content-wrapper eb-accordion-content-wrapper-eb-accordion-2j9vluj\"><div class=\"eb-accordion-content\">\n<p>If you have any questions, you may contact our Data Protection Officer at: <a href=\"mailto:privacidade@grupasso.com.br\">privacidade@grupasso.com.br<\/a>.<\/p>\n<\/div><\/div><\/div>\n\n\n\n<div class=\"wp-block-accordion-toggle-accordion-item eb-accordion-item-16l30hb eb-accordion-wrapper\" data-clickable=\"false\"><div class=\"eb-accordion-title-wrapper eb-accordion-title-wrapper-eb-accordion-2j9vluj\" tabindex=\"0\"><span class=\"eb-accordion-icon-wrapper eb-accordion-icon-wrapper-eb-accordion-2j9vluj\"><span class=\"fas fa-angle-right eb-accordion-icon\"><\/span><\/span><div class=\"eb-accordion-title-content-wrap title-content-eb-accordion-2j9vluj\"><h3 class=\"eb-accordion-title\"><strong>7. UPDATES\u00a0\u21b4<\/strong><\/h3><\/div><\/div><div class=\"eb-accordion-content-wrapper eb-accordion-content-wrapper-eb-accordion-2j9vluj\"><div class=\"eb-accordion-content\">\n<p>It is possible that some of the information provided here may be updated or changed. Therefore, we recommend that you review this Cookie Notice periodically. When any changes occur, we will inform you on our homepage.<\/p>\n\n\n\n<p>Last updated: November 14, 2024.<\/p>\n<\/div><\/div><\/div>\n<\/div><\/div><\/div><\/div>\n","protected":false},"excerpt":{"rendered":"<p>Read the Cookie Notice Sucorrico Citrus Industrial e Agr\u00edcola Ltda. (\u201cSucorrico\u201d) is a company that is part of the economic group of the holding Grupasso Participa\u00e7\u00f5es S.A. Within this group, in addition to Sucorrico, the companies Latic\u00ednios Xand\u00f4 and Plastirrico are also included, among other entities. We at Sucorrico use cookies to improve your experience [&hellip;]<\/p>\n","protected":false},"author":1,"featured_media":0,"parent":0,"menu_order":0,"comment_status":"closed","ping_status":"closed","template":"","meta":{"_eb_attr":"","site-sidebar-layout":"default","site-content-layout":"","ast-site-content-layout":"narrow-width-container","site-content-style":"default","site-sidebar-style":"default","ast-global-header-display":"","ast-banner-title-visibility":"","ast-main-header-display":"","ast-hfb-above-header-display":"","ast-hfb-below-header-display":"","ast-hfb-mobile-header-display":"","site-post-title":"","ast-breadcrumbs-content":"","ast-featured-img":"","footer-sml-layout":"","ast-disable-related-posts":"","theme-transparent-header-meta":"","adv-header-id-meta":"","stick-header-meta":"","header-above-stick-meta":"","header-main-stick-meta":"","header-below-stick-meta":"","astra-migrate-meta-layouts":"default","ast-page-background-enabled":"default","ast-page-background-meta":{"desktop":{"background-color":"var(--ast-global-color-4)","background-image":"","background-repeat":"repeat","background-position":"center center","background-size":"auto","background-attachment":"scroll","background-type":"","background-media":"","overlay-type":"","overlay-color":"","overlay-opacity":"","overlay-gradient":""},"tablet":{"background-color":"","background-image":"","background-repeat":"repeat","background-position":"center center","background-size":"auto","background-attachment":"scroll","background-type":"","background-media":"","overlay-type":"","overlay-color":"","overlay-opacity":"","overlay-gradient":""},"mobile":{"background-color":"","background-image":"","background-repeat":"repeat","background-position":"center center","background-size":"auto","background-attachment":"scroll","background-type":"","background-media":"","overlay-type":"","overlay-color":"","overlay-opacity":"","overlay-gradient":""}},"ast-content-background-meta":{"desktop":{"background-color":"var(--ast-global-color-5)","background-image":"","background-repeat":"repeat","background-position":"center center","background-size":"auto","background-attachment":"scroll","background-type":"","background-media":"","overlay-type":"","overlay-color":"","overlay-opacity":"","overlay-gradient":""},"tablet":{"background-color":"var(--ast-global-color-5)","background-image":"","background-repeat":"repeat","background-position":"center center","background-size":"auto","background-attachment":"scroll","background-type":"","background-media":"","overlay-type":"","overlay-color":"","overlay-opacity":"","overlay-gradient":""},"mobile":{"background-color":"var(--ast-global-color-5)","background-image":"","background-repeat":"repeat","background-position":"center center","background-size":"auto","background-attachment":"scroll","background-type":"","background-media":"","overlay-type":"","overlay-color":"","overlay-opacity":"","overlay-gradient":""}},"footnotes":""},"class_list":["post-212","page","type-page","status-publish","hentry"],"yoast_head":"<!-- This site is optimized with the Yoast SEO plugin v27.4 - https:\/\/yoast.com\/product\/yoast-seo-wordpress\/ -->\n<title>Cookie Policy - Sucorrico - NFC &amp; FCOJ Juice Industry<\/title>\n<meta name=\"description\" content=\"Aviso de Cookies. N\u00f3s da\u00a0Sucorrico\u00a0utilizamos cookies para melhorar sua experi\u00eancia a cada visita em nosso site.\" \/>\n<meta name=\"robots\" content=\"index, follow, max-snippet:-1, max-image-preview:large, max-video-preview:-1\" \/>\n<link rel=\"canonical\" href=\"https:\/\/sucorrico.com.br\/en\/cookie-policy\/\" \/>\n<meta property=\"og:locale\" content=\"en_US\" \/>\n<meta property=\"og:type\" content=\"article\" \/>\n<meta property=\"og:title\" content=\"Cookie Policy - Sucorrico - NFC &amp; FCOJ Juice Industry\" \/>\n<meta property=\"og:description\" content=\"Aviso de Cookies. N\u00f3s da\u00a0Sucorrico\u00a0utilizamos cookies para melhorar sua experi\u00eancia a cada visita em nosso site.\" \/>\n<meta property=\"og:url\" content=\"https:\/\/sucorrico.com.br\/en\/cookie-policy\/\" \/>\n<meta property=\"og:site_name\" content=\"Sucorrico - NFC &amp; FCOJ Juice Industry\" \/>\n<meta property=\"article:modified_time\" content=\"2025-12-12T13:16:59+00:00\" \/>\n<meta name=\"twitter:card\" content=\"summary_large_image\" \/>\n<meta name=\"twitter:label1\" content=\"Est. reading time\" \/>\n\t<meta name=\"twitter:data1\" content=\"4 minutes\" \/>\n<script type=\"application\/ld+json\" class=\"yoast-schema-graph\">{\"@context\":\"https:\\\/\\\/schema.org\",\"@graph\":[{\"@type\":\"WebPage\",\"@id\":\"https:\\\/\\\/sucorrico.com.br\\\/en\\\/cookie-policy\\\/\",\"url\":\"https:\\\/\\\/sucorrico.com.br\\\/en\\\/cookie-policy\\\/\",\"name\":\"Cookie Policy - Sucorrico - NFC &amp; FCOJ Juice Industry\",\"isPartOf\":{\"@id\":\"https:\\\/\\\/sucorrico.com.br\\\/en\\\/#website\"},\"datePublished\":\"2023-12-14T17:45:32+00:00\",\"dateModified\":\"2025-12-12T13:16:59+00:00\",\"description\":\"Aviso de Cookies. N\u00f3s da\u00a0Sucorrico\u00a0utilizamos cookies para melhorar sua experi\u00eancia a cada visita em nosso site.\",\"breadcrumb\":{\"@id\":\"https:\\\/\\\/sucorrico.com.br\\\/en\\\/cookie-policy\\\/#breadcrumb\"},\"inLanguage\":\"en-US\",\"potentialAction\":[{\"@type\":\"ReadAction\",\"target\":[\"https:\\\/\\\/sucorrico.com.br\\\/en\\\/cookie-policy\\\/\"]}]},{\"@type\":\"BreadcrumbList\",\"@id\":\"https:\\\/\\\/sucorrico.com.br\\\/en\\\/cookie-policy\\\/#breadcrumb\",\"itemListElement\":[{\"@type\":\"ListItem\",\"position\":1,\"name\":\"In\u00edcio\",\"item\":\"https:\\\/\\\/sucorrico.com.br\\\/en\\\/\"},{\"@type\":\"ListItem\",\"position\":2,\"name\":\"Cookie Policy\"}]},{\"@type\":\"WebSite\",\"@id\":\"https:\\\/\\\/sucorrico.com.br\\\/en\\\/#website\",\"url\":\"https:\\\/\\\/sucorrico.com.br\\\/en\\\/\",\"name\":\"Sucorrico - NFC & FCOJ Juice Industry\",\"description\":\"Sucorrico - NFC &amp; FCOJ Juice Industry\",\"publisher\":{\"@id\":\"https:\\\/\\\/sucorrico.com.br\\\/en\\\/#organization\"},\"potentialAction\":[{\"@type\":\"SearchAction\",\"target\":{\"@type\":\"EntryPoint\",\"urlTemplate\":\"https:\\\/\\\/sucorrico.com.br\\\/en\\\/?s={search_term_string}\"},\"query-input\":{\"@type\":\"PropertyValueSpecification\",\"valueRequired\":true,\"valueName\":\"search_term_string\"}}],\"inLanguage\":\"en-US\"},{\"@type\":\"Organization\",\"@id\":\"https:\\\/\\\/sucorrico.com.br\\\/en\\\/#organization\",\"name\":\"Sucorrico - NFC & FCOJ Juice Industry\",\"alternateName\":\"Sucorrico - NFC & FCOJ Juice Industry\",\"url\":\"https:\\\/\\\/sucorrico.com.br\\\/en\\\/\",\"logo\":{\"@type\":\"ImageObject\",\"inLanguage\":\"en-US\",\"@id\":\"https:\\\/\\\/sucorrico.com.br\\\/en\\\/#\\\/schema\\\/logo\\\/image\\\/\",\"url\":\"https:\\\/\\\/sucorrico.com.br\\\/en\\\/wp-content\\\/uploads\\\/2023\\\/12\\\/cropped-Logo-Sucorrico-2.png\",\"contentUrl\":\"https:\\\/\\\/sucorrico.com.br\\\/en\\\/wp-content\\\/uploads\\\/2023\\\/12\\\/cropped-Logo-Sucorrico-2.png\",\"width\":573,\"height\":126,\"caption\":\"Sucorrico - NFC & FCOJ Juice Industry\"},\"image\":{\"@id\":\"https:\\\/\\\/sucorrico.com.br\\\/en\\\/#\\\/schema\\\/logo\\\/image\\\/\"}}]}<\/script>\n<!-- \/ Yoast SEO plugin. -->","yoast_head_json":{"title":"Cookie Policy - Sucorrico - NFC &amp; FCOJ Juice Industry","description":"Aviso de Cookies. N\u00f3s da\u00a0Sucorrico\u00a0utilizamos cookies para melhorar sua experi\u00eancia a cada visita em nosso site.","robots":{"index":"index","follow":"follow","max-snippet":"max-snippet:-1","max-image-preview":"max-image-preview:large","max-video-preview":"max-video-preview:-1"},"canonical":"https:\/\/sucorrico.com.br\/en\/cookie-policy\/","og_locale":"en_US","og_type":"article","og_title":"Cookie Policy - Sucorrico - NFC &amp; FCOJ Juice Industry","og_description":"Aviso de Cookies. N\u00f3s da\u00a0Sucorrico\u00a0utilizamos cookies para melhorar sua experi\u00eancia a cada visita em nosso site.","og_url":"https:\/\/sucorrico.com.br\/en\/cookie-policy\/","og_site_name":"Sucorrico - NFC &amp; FCOJ Juice Industry","article_modified_time":"2025-12-12T13:16:59+00:00","twitter_card":"summary_large_image","twitter_misc":{"Est. reading time":"4 minutes"},"schema":{"@context":"https:\/\/schema.org","@graph":[{"@type":"WebPage","@id":"https:\/\/sucorrico.com.br\/en\/cookie-policy\/","url":"https:\/\/sucorrico.com.br\/en\/cookie-policy\/","name":"Cookie Policy - Sucorrico - NFC &amp; FCOJ Juice Industry","isPartOf":{"@id":"https:\/\/sucorrico.com.br\/en\/#website"},"datePublished":"2023-12-14T17:45:32+00:00","dateModified":"2025-12-12T13:16:59+00:00","description":"Aviso de Cookies. N\u00f3s da\u00a0Sucorrico\u00a0utilizamos cookies para melhorar sua experi\u00eancia a cada visita em nosso site.","breadcrumb":{"@id":"https:\/\/sucorrico.com.br\/en\/cookie-policy\/#breadcrumb"},"inLanguage":"en-US","potentialAction":[{"@type":"ReadAction","target":["https:\/\/sucorrico.com.br\/en\/cookie-policy\/"]}]},{"@type":"BreadcrumbList","@id":"https:\/\/sucorrico.com.br\/en\/cookie-policy\/#breadcrumb","itemListElement":[{"@type":"ListItem","position":1,"name":"In\u00edcio","item":"https:\/\/sucorrico.com.br\/en\/"},{"@type":"ListItem","position":2,"name":"Cookie Policy"}]},{"@type":"WebSite","@id":"https:\/\/sucorrico.com.br\/en\/#website","url":"https:\/\/sucorrico.com.br\/en\/","name":"Sucorrico - NFC & FCOJ Juice Industry","description":"Sucorrico - NFC &amp; FCOJ Juice Industry","publisher":{"@id":"https:\/\/sucorrico.com.br\/en\/#organization"},"potentialAction":[{"@type":"SearchAction","target":{"@type":"EntryPoint","urlTemplate":"https:\/\/sucorrico.com.br\/en\/?s={search_term_string}"},"query-input":{"@type":"PropertyValueSpecification","valueRequired":true,"valueName":"search_term_string"}}],"inLanguage":"en-US"},{"@type":"Organization","@id":"https:\/\/sucorrico.com.br\/en\/#organization","name":"Sucorrico - NFC & FCOJ Juice Industry","alternateName":"Sucorrico - NFC & FCOJ Juice Industry","url":"https:\/\/sucorrico.com.br\/en\/","logo":{"@type":"ImageObject","inLanguage":"en-US","@id":"https:\/\/sucorrico.com.br\/en\/#\/schema\/logo\/image\/","url":"https:\/\/sucorrico.com.br\/en\/wp-content\/uploads\/2023\/12\/cropped-Logo-Sucorrico-2.png","contentUrl":"https:\/\/sucorrico.com.br\/en\/wp-content\/uploads\/2023\/12\/cropped-Logo-Sucorrico-2.png","width":573,"height":126,"caption":"Sucorrico - NFC & FCOJ Juice Industry"},"image":{"@id":"https:\/\/sucorrico.com.br\/en\/#\/schema\/logo\/image\/"}}]}},"_hostinger_reach_plugin_has_subscription_block":false,"_hostinger_reach_plugin_is_elementor":false,"_links":{"self":[{"href":"https:\/\/sucorrico.com.br\/en\/wp-json\/wp\/v2\/pages\/212","targetHints":{"allow":["GET"]}}],"collection":[{"href":"https:\/\/sucorrico.com.br\/en\/wp-json\/wp\/v2\/pages"}],"about":[{"href":"https:\/\/sucorrico.com.br\/en\/wp-json\/wp\/v2\/types\/page"}],"author":[{"embeddable":true,"href":"https:\/\/sucorrico.com.br\/en\/wp-json\/wp\/v2\/users\/1"}],"replies":[{"embeddable":true,"href":"https:\/\/sucorrico.com.br\/en\/wp-json\/wp\/v2\/comments?post=212"}],"version-history":[{"count":7,"href":"https:\/\/sucorrico.com.br\/en\/wp-json\/wp\/v2\/pages\/212\/revisions"}],"predecessor-version":[{"id":844,"href":"https:\/\/sucorrico.com.br\/en\/wp-json\/wp\/v2\/pages\/212\/revisions\/844"}],"wp:attachment":[{"href":"https:\/\/sucorrico.com.br\/en\/wp-json\/wp\/v2\/media?parent=212"}],"curies":[{"name":"wp","href":"https:\/\/api.w.org\/{rel}","templated":true}]}}